{"id":68,"date":"2018-08-25T12:03:05","date_gmt":"2018-08-25T10:03:05","guid":{"rendered":"https:\/\/flagfootballdeutschland.de\/wordpress\/?page_id=68"},"modified":"2018-11-10T10:45:07","modified_gmt":"2018-11-10T09:45:07","slug":"staff","status":"publish","type":"page","link":"https:\/\/flagfootballdeutschland.de\/wordpress\/staff\/","title":{"rendered":"Staff"},"content":{"rendered":"<p>Verantwortlicher f\u00fcr Flag Football im AFVD: <a href=\"&#109;&#x61;&#105;&#x6c;&#116;&#x6f;:&#x63;&#46;&#107;&#x61;&#101;&#x6d;&#112;&#x66;e&#x40;a&#102;&#x76;&#100;&#x2e;&#100;&#x65;\">Chris K\u00e4mpfe<\/a><\/p>\n<h2>Chef-de-Mission<\/h2>\n<p>Koordination der Nationlteams: Barbara Puhl (<a href=\"http:\/\/www.nuernberg-rams.de\/flag-sen\/flag-sen-roster\/\">N\u00fcrnberg Rams<\/a>)<\/p>\n<h2>Herren Nationalteam<\/h2>\n<p>Head Coach und Offense Coordinator: Max Gro\u00df<br \/>\nDefense Coordinator: Andreas Hufer (<a href=\"https:\/\/www.lizzards.de\/flag-football-kelkheim\">Kelkheim Lizzards<\/a>)<br \/>\nWalk-on-Coach: Henning Nieland (<a href=\"https:\/\/www.buccaneers-msv.com\/\">Buccaneers M\u00f6lln<\/a>)<br \/>\nPhysiotherapeutin: Alina Peine (<a href=\"https:\/\/www.duesseldorfpanther.de\/\">D\u00fcsseldorf Panther<\/a>)<\/p>\n<h2>Damen Nationalteam<\/h2>\n<p>Head Coach und Offense Coordinator: Chris K\u00e4mpfe (<a href=\"http:\/\/rooks.tva-americansports.de\/\">Augsburg Rooks<\/a>)<br \/>\nDefense Coordinator: Stefan Buch (<a href=\"https:\/\/www.lizzards.de\/flag-football-kelkheim\">Kelkheim Lizzards<\/a>)<br \/>\nTeam\u00e4rztin: Anett Turowski<\/p>\n","protected":false},"excerpt":{"rendered":"<p>Verantwortlicher f\u00fcr Flag Football im AFVD: Chris K\u00e4mpfe Chef-de-Mission Koordination der Nationlteams: Barbara Puhl (N\u00fcrnberg Rams) Herren Nationalteam Head Coach und Offense Coordinator: Max Gro\u00df Defense Coordinator: Andreas Hufer (Kelkheim Lizzards) Walk-on-Coach: Henning Nieland (Buccaneers M\u00f6lln) Physiotherapeutin: Alina Peine (D\u00fcsseldorf Panther) Damen Nationalteam Head Coach und Offense Coordinator: Chris K\u00e4mpfe (Augsburg Rooks) Defense Coordinator: Stefan&#8230;<\/p>\n","protected":false},"author":1,"featured_media":0,"parent":0,"menu_order":0,"comment_status":"closed","ping_status":"closed","template":"","meta":{"footnotes":""},"class_list":["post-68","page","type-page","status-publish","hentry"],"_links":{"self":[{"href":"https:\/\/flagfootballdeutschland.de\/wordpress\/wp-json\/wp\/v2\/pages\/68","targetHints":{"allow":["GET"]}}],"collection":[{"href":"https:\/\/flagfootballdeutschland.de\/wordpress\/wp-json\/wp\/v2\/pages"}],"about":[{"href":"https:\/\/flagfootballdeutschland.de\/wordpress\/wp-json\/wp\/v2\/types\/page"}],"author":[{"embeddable":true,"href":"https:\/\/flagfootballdeutschland.de\/wordpress\/wp-json\/wp\/v2\/users\/1"}],"replies":[{"embeddable":true,"href":"https:\/\/flagfootballdeutschland.de\/wordpress\/wp-json\/wp\/v2\/comments?post=68"}],"version-history":[{"count":3,"href":"https:\/\/flagfootballdeutschland.de\/wordpress\/wp-json\/wp\/v2\/pages\/68\/revisions"}],"predecessor-version":[{"id":128,"href":"https:\/\/flagfootballdeutschland.de\/wordpress\/wp-json\/wp\/v2\/pages\/68\/revisions\/128"}],"wp:attachment":[{"href":"https:\/\/flagfootballdeutschland.de\/wordpress\/wp-json\/wp\/v2\/media?parent=68"}],"curies":[{"name":"wp","href":"https:\/\/api.w.org\/{rel}","templated":true}]}}